{"id":5644,"date":"2023-12-14T09:03:24","date_gmt":"2023-12-14T08:03:24","guid":{"rendered":"http:\/\/forum-pn.rs\/main\/?post_type=product&#038;p=5644"},"modified":"2023-12-14T09:03:24","modified_gmt":"2023-12-14T08:03:24","slug":"eko-ck-p-30kw","status":"publish","type":"product","link":"http:\/\/forum-pn.rs\/main\/product\/eko-ck-p-30kw\/","title":{"rendered":"EKO-CK P 30kW"},"content":{"rendered":"<p>Ovaj model kotla predstavlja naslednika dobro poznatog modela Eko CK. Prednost ovog kotla u odnosu na prethodnika je pove\u0107an stepen iskori\u0161\u0107enja.<\/p>\n<div class=\"row\">\n<div class=\"col-lg-24\">\n<div class=\"productFullSpecification\">\n<p class=\"title\">KARAKTERISTIKE<\/p>\n<table class=\"karakteristike\">\n<tbody>\n<tr>\n<td><strong>Toplotni u\u010dinak (kW)<\/strong><\/td>\n<td>25-30<\/td>\n<\/tr>\n<tr>\n<td><strong>Sadr\u017eaj vode u kotlu (l)<\/strong><\/td>\n<td>67<\/td>\n<\/tr>\n<tr>\n<td><strong>Dimenzije (\u0160 x V x D mm)<\/strong><\/td>\n<td>520 x 1255 x 1020<\/td>\n<\/tr>\n<tr>\n<td><strong>Promer\/visina dimnja\u010de f(mm)<\/strong><\/td>\n<td>160\/930<\/td>\n<\/tr>\n<tr>\n<td><strong>Otvor za plamenik (V x \u0160 mm)<\/strong><\/td>\n<td>170&#215;165<\/td>\n<\/tr>\n<tr>\n<td><strong>Otvor gornjih vrata (V x \u0160 mm)<\/strong><\/td>\n<td>371&#215;273<\/td>\n<\/tr>\n<tr>\n<td><strong>Otvor donjih vrata (V x \u0160 mm)<\/strong><\/td>\n<td>371&#215;322<\/td>\n<\/tr>\n<tr>\n<td><strong>Pritisak dimnjaka (Pa)<\/strong><\/td>\n<td>19<\/td>\n<\/tr>\n<tr>\n<td><strong>Maksimalna radna temperatura (\u00b0C)<\/strong><\/td>\n<td>90<\/td>\n<\/tr>\n<tr>\n<td><strong>Maksimalni radni pritisak (bar)<\/strong><\/td>\n<td>2.5<\/td>\n<\/tr>\n<tr>\n<td><strong>Masa kotla (kg) <\/strong><\/td>\n<td>255<\/td>\n<\/tr>\n<tr>\n<td><strong>Klasa energetske efikasnosti<\/strong><\/td>\n<td>A<\/td>\n<\/tr>\n<tr>\n<td><strong>Link proizvo\u0111a\u010da<\/strong><\/td>\n<td><a href=\"https:\/\/www.centrometal.hr\/portfolio\/eko-ck-p-14-110-kw\/\" target=\"_blank\" rel=\"noopener\">Link<\/a><\/td>\n<\/tr>\n<\/tbody>\n<\/table>\n<\/div>\n<div class=\"productFullSpecification\">\n<p>&nbsp;<\/p>\n<\/div>\n<\/div>\n<\/div>\n","protected":false},"excerpt":{"rendered":"<h3>EKO-CK P 30kW<\/h3>\n<p><strong>Toplotni u\u010dinak (kW):<\/strong> 25-30<\/p>\n<p><strong>Sadr\u017eaj vode u kotlu (l):<\/strong> 67<\/p>\n<p><strong>Dimenzije (\u0160 x V x D mm):<\/strong> 520 x 1255 x 1020<\/p>\n<p><strong>Promer\/visina dimnja\u010de f(mm):<\/strong> 160\/930<\/p>\n<p><strong>Otvor za plamenik (V x \u0160 mm):<\/strong> 170&#215;165<\/p>\n","protected":false},"featured_media":5642,"template":"","meta":[],"product_brand":[],"product_cat":[48,78],"product_tag":[],"berocket_brand":[64],"class_list":{"0":"post-5644","1":"product","2":"type-product","3":"status-publish","4":"has-post-thumbnail","6":"product_cat-grejanje","7":"product_cat-kotlovi-na-cvrsto-gorivo","8":"berocket_brand-centrometal","10":"first","11":"instock","12":"shipping-taxable","13":"product-type-simple"},"_links":{"self":[{"href":"http:\/\/forum-pn.rs\/main\/wp-json\/wp\/v2\/product\/5644","targetHints":{"allow":["GET"]}}],"collection":[{"href":"http:\/\/forum-pn.rs\/main\/wp-json\/wp\/v2\/product"}],"about":[{"href":"http:\/\/forum-pn.rs\/main\/wp-json\/wp\/v2\/types\/product"}],"wp:featuredmedia":[{"embeddable":true,"href":"http:\/\/forum-pn.rs\/main\/wp-json\/wp\/v2\/media\/5642"}],"wp:attachment":[{"href":"http:\/\/forum-pn.rs\/main\/wp-json\/wp\/v2\/media?parent=5644"}],"wp:term":[{"taxonomy":"product_brand","embeddable":true,"href":"http:\/\/forum-pn.rs\/main\/wp-json\/wp\/v2\/product_brand?post=5644"},{"taxonomy":"product_cat","embeddable":true,"href":"http:\/\/forum-pn.rs\/main\/wp-json\/wp\/v2\/product_cat?post=5644"},{"taxonomy":"product_tag","embeddable":true,"href":"http:\/\/forum-pn.rs\/main\/wp-json\/wp\/v2\/product_tag?post=5644"},{"taxonomy":"berocket_brand","embeddable":true,"href":"http:\/\/forum-pn.rs\/main\/wp-json\/wp\/v2\/berocket_brand?post=5644"}],"curies":[{"name":"wp","href":"https:\/\/api.w.org\/{rel}","templated":true}]}}