{"id":5628,"date":"2023-12-13T19:21:22","date_gmt":"2023-12-13T18:21:22","guid":{"rendered":"http:\/\/forum-pn.rs\/main\/?post_type=product&#038;p=5628"},"modified":"2023-12-13T19:22:46","modified_gmt":"2023-12-13T18:22:46","slug":"arotherm-plus-vwl-125-6-a-400v","status":"publish","type":"product","link":"http:\/\/forum-pn.rs\/main\/product\/arotherm-plus-vwl-125-6-a-400v\/","title":{"rendered":"aroTHERM Plus VWL 125\/6 A, 400V"},"content":{"rendered":"<p>Vrhunske karakteristike Ukoliko \u017eelite da se grejete na ekolo\u0161ki prihvatljiv na\u010din sada to mo\u017eete da u\u010dinite sa NOVOM toplotnom pompom.<\/p>\n<p class=\"title\">KARAKTERISTIKE<\/p>\n<table class=\"karakteristike\">\n<tbody>\n<tr>\n<td><strong>Elektri\u010dni priklju\u010dak<\/strong><\/td>\n<td>400V\/50Hz<\/td>\n<\/tr>\n<tr>\n<td><strong>Grej. kap. A7\/W35 (min\/nom\/max) <\/strong><\/td>\n<td>5,5\/ 11,6\/ 15,6 KW<\/td>\n<\/tr>\n<tr>\n<td><strong>COP (A7\/W35)<\/strong><\/td>\n<td>do 5,3<\/td>\n<\/tr>\n<tr>\n<td><strong>SCOP <\/strong><\/td>\n<td>5,08<\/td>\n<\/tr>\n<tr>\n<td><strong>Min. temp. sp. vazduha u grejanju <\/strong><\/td>\n<td>&#8211; 25\u00b0C<\/td>\n<\/tr>\n<tr>\n<td><strong>Rashladni kapacitet A35\/W18 (min\/nom\/max) <\/strong><\/td>\n<td>6,0\/ 10,9\/ 18,0 kW<\/td>\n<\/tr>\n<tr>\n<td><strong>EER (A35\/W18)<\/strong><\/td>\n<td>do 5,7<\/td>\n<\/tr>\n<tr>\n<td><strong>Min. temp. sp. vazduha u hla\u0111enju <\/strong><\/td>\n<td>15\u00b0C<\/td>\n<\/tr>\n<tr>\n<td><strong>Temperatura rezervoara potro\u0161ne tople vode <\/strong><\/td>\n<td>do 70\u00b0C bez dod. grej.<\/td>\n<\/tr>\n<tr>\n<td><strong>Maksimalna temp. polaznog voda bez kori\u0161\u0107enja greja\u010da u grejanju <\/strong><\/td>\n<td>do 75\u00b0C<\/td>\n<\/tr>\n<tr>\n<td><strong>Maks. temp. polaznog voda u grejanju koje je mogu\u0107e postaviti na regulatoru<\/strong><\/td>\n<td>do 65\u00b0C<\/td>\n<\/tr>\n<tr>\n<td><strong>Dimenzije proizvoda (\u0160 x V x D)<\/strong><\/td>\n<td>1100 x 1565 x 450 mm<\/td>\n<\/tr>\n<tr>\n<td><strong>Dimenzije priklju\u010daka<\/strong><\/td>\n<td>G 1 1\/4&#8243;<\/td>\n<\/tr>\n<tr>\n<td><strong>Masa proizvoda<\/strong><\/td>\n<td>210 kg<\/td>\n<\/tr>\n<tr>\n<td><strong>Stepen za\u0161tite<\/strong><\/td>\n<td>IP 15 B<\/td>\n<\/tr>\n<tr>\n<td><strong>Nivo buke na udaljenosti ve\u0107oj od 3m od toplotne pumpe u no\u0107nom re\u017eimu rada<\/strong><\/td>\n<td>33,4 dB<\/td>\n<\/tr>\n<tr>\n<td><strong>Nivo buke na udaljenosti ve\u0107oj od 3m od toplotne pumpe u dnevnom re\u017eimu rada<\/strong><\/td>\n<td>45,8 dB<\/td>\n<\/tr>\n<tr>\n<td><strong>Tip rashladnog sredstva<\/strong><\/td>\n<td>R 290<\/td>\n<\/tr>\n<tr>\n<td><strong>GWP (potencijal globalnog zagrevanja)<\/strong><\/td>\n<td>3<\/td>\n<\/tr>\n<tr>\n<td><strong>Razred energetske efikasnosti u grejanju (prose\u010dni klimatski uslovi); temp. polaznog voda 35 \u030aC<\/strong><\/td>\n<td>A+++<\/td>\n<\/tr>\n<\/tbody>\n<\/table>\n","protected":false},"excerpt":{"rendered":"<h3><strong>aroTHERM Plus VWL 125\/6 A, 400V<\/strong><\/h3>\n<p><strong>Elektri\u010dni priklju\u010dak:<\/strong> 400V\/50Hz<\/p>\n<p><strong>Grej. kap. A7\/W35 (min\/nom\/max) :<\/strong> 5,5\/ 11,6\/ 15,6 KW<\/p>\n<p><strong>COP (A7\/W35):<\/strong> do 5,3<\/p>\n<p><strong>SCOP :<\/strong> 5,08<\/p>\n<p><strong>Min. temp. sp. vazduha u grejanju :<\/strong> &#8211; 25\u00b0C<\/p>\n","protected":false},"featured_media":5629,"template":"","meta":[],"product_cat":[77],"product_tag":[],"berocket_brand":[],"class_list":{"0":"post-5628","1":"product","2":"type-product","3":"status-publish","4":"has-post-thumbnail","6":"product_cat-toplotne-pumpe","8":"first","9":"instock","10":"shipping-taxable","11":"product-type-simple"},"_links":{"self":[{"href":"http:\/\/forum-pn.rs\/main\/wp-json\/wp\/v2\/product\/5628","targetHints":{"allow":["GET"]}}],"collection":[{"href":"http:\/\/forum-pn.rs\/main\/wp-json\/wp\/v2\/product"}],"about":[{"href":"http:\/\/forum-pn.rs\/main\/wp-json\/wp\/v2\/types\/product"}],"wp:featuredmedia":[{"embeddable":true,"href":"http:\/\/forum-pn.rs\/main\/wp-json\/wp\/v2\/media\/5629"}],"wp:attachment":[{"href":"http:\/\/forum-pn.rs\/main\/wp-json\/wp\/v2\/media?parent=5628"}],"wp:term":[{"taxonomy":"product_cat","embeddable":true,"href":"http:\/\/forum-pn.rs\/main\/wp-json\/wp\/v2\/product_cat?post=5628"},{"taxonomy":"product_tag","embeddable":true,"href":"http:\/\/forum-pn.rs\/main\/wp-json\/wp\/v2\/product_tag?post=5628"},{"taxonomy":"berocket_brand","embeddable":true,"href":"http:\/\/forum-pn.rs\/main\/wp-json\/wp\/v2\/berocket_brand?post=5628"}],"curies":[{"name":"wp","href":"https:\/\/api.w.org\/{rel}","templated":true}]}}