{"id":5588,"date":"2023-12-10T18:36:32","date_gmt":"2023-12-10T17:36:32","guid":{"rendered":"http:\/\/forum-pn.rs\/main\/?post_type=product&#038;p=5588"},"modified":"2023-12-13T19:15:51","modified_gmt":"2023-12-13T18:15:51","slug":"vaillant-kondenzacioni-gasni-kotao-ecotec-plus-vuw-25-26-cs-1-5-kombinovani","status":"publish","type":"product","link":"http:\/\/forum-pn.rs\/main\/product\/vaillant-kondenzacioni-gasni-kotao-ecotec-plus-vuw-25-26-cs-1-5-kombinovani\/","title":{"rendered":"ecoTEC plus VUW 25\/26 CS\/1-5, kombinovani"},"content":{"rendered":"<p>Ako tra\u017eite pouzdani sistem za grejanje, koji \u0107e raditi dugi niz godina, uz Vaillantov gasni kondenzacioni kotao ecoTEC plus, mo\u017eete biti sigurni &#8230;<\/p>\n<div class=\"productFullSpecification\">\n<p class=\"title\">KARAKTERISTIKE<\/p>\n<table class=\"karakteristike\">\n<tbody>\n<tr>\n<td><strong>Nominalni topl. kap. 50\/30\u00b0C, G20<\/strong><\/td>\n<td>2,8-26,4 kW<\/td>\n<\/tr>\n<tr>\n<td><strong>Nominalni topl. kap. 80\/60\u00b0C, G20<\/strong><\/td>\n<td>2,5-24,7 kW<\/td>\n<\/tr>\n<tr>\n<td><strong>Tip ure\u0111aja <\/strong><\/td>\n<td>Grejanje+PTV<\/td>\n<\/tr>\n<tr>\n<td><strong>Visina<\/strong><\/td>\n<td>720 mm<\/td>\n<\/tr>\n<tr>\n<td><strong>\u0160irina<\/strong><\/td>\n<td>440 mm<\/td>\n<\/tr>\n<tr>\n<td><strong>Dubina<\/strong><\/td>\n<td>348 mm<\/td>\n<\/tr>\n<tr>\n<td><strong>Te\u017eina (bez pakovanja)<\/strong><\/td>\n<td>36 kg<\/td>\n<\/tr>\n<tr>\n<td><strong>Potro\u0161nja gasa, G20<\/strong><\/td>\n<td>2,8 m\u00b3\/h<\/td>\n<\/tr>\n<tr>\n<td><strong>Potro\u0161nja gasa, G31<\/strong><\/td>\n<td>1,1 m\u00b3\/h<\/td>\n<\/tr>\n<tr>\n<td><strong>Priklju\u010dak za dovo\u0111enje vazduha\/odvo\u0111enje produkata sagorevanja<\/strong><\/td>\n<td>60\/100 mm<\/td>\n<\/tr>\n<tr>\n<td><strong>Klasa energetske efikasnosti pri grejanju (A +++ do D)<\/strong><\/td>\n<td>A<\/td>\n<\/tr>\n<tr>\n<td><strong>Klasa energetske efikasnosti na PTV (A + do F)<\/strong><\/td>\n<td>A<\/td>\n<\/tr>\n<\/tbody>\n<\/table>\n<\/div>\n<div class=\"productFullSpecification\">\n<p>&nbsp;<\/p>\n<\/div>\n","protected":false},"excerpt":{"rendered":"<h3><strong>ecoTEC plus VUW 25\/26 CS\/1-5, kombinovani<\/strong><\/h3>\n<p><strong>Nominalni topl. kap. 50\/30\u00b0C, G20:<\/strong> 2,8-26,4 kW<\/p>\n<p><strong>Nominalni topl. kap. 80\/60\u00b0C, G20:<\/strong> 2,5-24,7 kW<\/p>\n<p><strong>Tip ure\u0111aja :<\/strong> Grejanje+PTV<\/p>\n<p><strong>Visina:<\/strong> 720 mm<\/p>\n<p><strong>\u0160irina:<\/strong> 440 mm<\/p>\n","protected":false},"featured_media":5589,"template":"","meta":[],"product_brand":[],"product_cat":[53],"product_tag":[],"berocket_brand":[60],"class_list":{"0":"post-5588","1":"product","2":"type-product","3":"status-publish","4":"has-post-thumbnail","6":"product_cat-gasni-kotlovi","7":"berocket_brand-vaillant","9":"first","10":"outofstock","11":"shipping-taxable","12":"product-type-simple"},"_links":{"self":[{"href":"http:\/\/forum-pn.rs\/main\/wp-json\/wp\/v2\/product\/5588","targetHints":{"allow":["GET"]}}],"collection":[{"href":"http:\/\/forum-pn.rs\/main\/wp-json\/wp\/v2\/product"}],"about":[{"href":"http:\/\/forum-pn.rs\/main\/wp-json\/wp\/v2\/types\/product"}],"wp:featuredmedia":[{"embeddable":true,"href":"http:\/\/forum-pn.rs\/main\/wp-json\/wp\/v2\/media\/5589"}],"wp:attachment":[{"href":"http:\/\/forum-pn.rs\/main\/wp-json\/wp\/v2\/media?parent=5588"}],"wp:term":[{"taxonomy":"product_brand","embeddable":true,"href":"http:\/\/forum-pn.rs\/main\/wp-json\/wp\/v2\/product_brand?post=5588"},{"taxonomy":"product_cat","embeddable":true,"href":"http:\/\/forum-pn.rs\/main\/wp-json\/wp\/v2\/product_cat?post=5588"},{"taxonomy":"product_tag","embeddable":true,"href":"http:\/\/forum-pn.rs\/main\/wp-json\/wp\/v2\/product_tag?post=5588"},{"taxonomy":"berocket_brand","embeddable":true,"href":"http:\/\/forum-pn.rs\/main\/wp-json\/wp\/v2\/berocket_brand?post=5588"}],"curies":[{"name":"wp","href":"https:\/\/api.w.org\/{rel}","templated":true}]}}